{"id":2,"date":"2016-03-23T21:39:50","date_gmt":"2016-03-23T20:39:50","guid":{"rendered":"http:\/\/renatocentonze.it\/?page_id=2"},"modified":"2017-04-06T12:42:28","modified_gmt":"2017-04-06T10:42:28","slug":"pagina-di-esempio","status":"publish","type":"page","link":"https:\/\/renatocentonze.it\/index.php\/pagina-di-esempio\/","title":{"rendered":"L&#8217;uomo"},"content":{"rendered":"<p><em>&lt;&lt;mite nell\u2019aspetto, ribelle nello spirito, semplice e lineare nell\u2019eloquio, anticonformista negli atteggiamenti, idealista e progressista per cultura e vocazione&gt;&gt;<\/em><\/p>\n<p>Renato Centonze nasce a Cavallino, in provincia di Lecce, il 9 ottobre 1947.\u00a0All\u2019 et\u00e0 di due anni viene colpito da una forma di poliomielite.\u00a0A nove anni viene ospitato a Torino, nel collegio della \u00ab P<img loading=\"lazy\" decoding=\"async\" class=\"alignright wp-image-664 size-medium\" src=\"http:\/\/renatocentonze.it\/wp-content\/uploads\/2016\/03\/P1040361-300x281.jpg\" alt=\"P1040361\" width=\"300\" height=\"281\" srcset=\"https:\/\/renatocentonze.it\/wp-content\/uploads\/2016\/03\/P1040361-300x281.jpg 300w, https:\/\/renatocentonze.it\/wp-content\/uploads\/2016\/03\/P1040361-768x720.jpg 768w, https:\/\/renatocentonze.it\/wp-content\/uploads\/2016\/03\/P1040361-1024x960.jpg 1024w, https:\/\/renatocentonze.it\/wp-content\/uploads\/2016\/03\/P1040361-160x150.jpg 160w, https:\/\/renatocentonze.it\/wp-content\/uploads\/2016\/03\/P1040361-150x141.jpg 150w, https:\/\/renatocentonze.it\/wp-content\/uploads\/2016\/03\/P1040361.jpg 1220w\" sizes=\"auto, (max-width: 300px) 100vw, 300px\" \/>ro Juventute\u00bb, dove continuer\u00e0 la sua formazione scolastica.\u00a0A 17 anni, preso il diploma in <i>computisteria<\/i>, fa ritorno a Cavallino , dove riceve l\u2019 incarico di bibliotecario, che gli permetter\u00e0, tra l\u2019 altro , di arricchire il suo bagaglio culturale.<\/p>\n<p>Si iscrive e compie gli studi all\u2019Istituto d\u2019Arte e subito dopo all\u2019Accademia di Belle Arti di Lecce.<\/p>\n<p>Nel 1971 sposa Floris Quarta, sua compagna di vita, dalla cui unione nasce Marco.<\/p>\n<p>Insegna Educazione artistica in pi\u00f9 scuole della provincia di Lecce e a Cerignola (FG).\u00a0Dal 1995 lavora presso il Provveditorato agli studi di Lecce nell\u2019Urp.\u00a0L\u2019 infanzia non facile e l\u2019esperienza, nella giovane et\u00e0, della dura e spersonalizzante realt\u00e0 della grande metropoli industriale costituisce l\u2019 <em>humus<\/em> su cui ha formato la sua personalit\u00e0, caratterizzata da una sentita attenzione verso l\u2019individuo (e verso la societ\u00e0 sofferente), influenzandone fortemente il messaggio artistico.<!--more--><\/p>\n<p>Per pi\u00f9 di 30 anni svolge la sua attivit\u00e0 artistica a Lequile. \u00c8 nel suo studio che ama rifugiarsi per ore, per dare corpo alla sua creativit\u00e0. \u00c8 l\u00ec che ama rifugiarsi per leggere, ascoltare musica, studiare, pianificare le sue intuizioni, ricevere artisti, critici d\u2019 arte, amici e compagni di strada; con tutti ama confrontarsi con spirito dialogante e inclusivo.<\/p>\n<p><img loading=\"lazy\" decoding=\"async\" class=\"alignleft size-full wp-image-94\" src=\"http:\/\/renatocentonze.it\/wp-content\/uploads\/2016\/04\/centonzehom.jpg\" alt=\"centonzehom\" width=\"318\" height=\"241\" srcset=\"https:\/\/renatocentonze.it\/wp-content\/uploads\/2016\/04\/centonzehom.jpg 318w, https:\/\/renatocentonze.it\/wp-content\/uploads\/2016\/04\/centonzehom-300x227.jpg 300w, https:\/\/renatocentonze.it\/wp-content\/uploads\/2016\/04\/centonzehom-198x150.jpg 198w, https:\/\/renatocentonze.it\/wp-content\/uploads\/2016\/04\/centonzehom-150x114.jpg 150w\" sizes=\"auto, (max-width: 318px) 100vw, 318px\" \/><\/p>\n<p>Uomo mite e dalla grande umanit\u00e0, generoso e riflessivo, tenace e coerente. Rifugge dall\u2019omologazione, dalla frenetica velocit\u00e0 delle mode, dalla logica dell\u2019apparire ed \u00e8 sempre alla ricerca dell\u2019essenza delle cose, difensore ed esempio coerente della libert\u00e0 intellettuale e dello spirito critico.<\/p>\n<p>\u00ab\u2026costruisce con gli altri relazioni molteplici e complesse, ognuna \u00e8 unica e speciale ma tutte conducono a lui, alla sua anima\u2026\u00bb<\/p>\n<p>L\u2019impegno civile e politico contro ogni forma di discriminazione e di ingiustizia contrassegna ed attraversa tutta la sua vita di cittadino e di artista. Il tema della difesa di una \u00abritrovata felicit\u00e0 nel rapporto con la natura\u00bb \u00e8 da lui sentito davvero <i>come una via di <\/i><i>salvezza<\/i><\/p>\n<p><img loading=\"lazy\" decoding=\"async\" class=\"alignright wp-image-158 size-medium\" title=\"Renato Centonze, Energia Alternativa - Per un futuro a misura d'uomo, 1979, cartella serigrafica\" src=\"http:\/\/renatocentonze.it\/wp-content\/uploads\/2016\/04\/IMG_9640-207x300.jpg\" alt=\"Cartella Serigrafica\" width=\"207\" height=\"300\" srcset=\"https:\/\/renatocentonze.it\/wp-content\/uploads\/2016\/04\/IMG_9640-207x300.jpg 207w, https:\/\/renatocentonze.it\/wp-content\/uploads\/2016\/04\/IMG_9640-768x1111.jpg 768w, https:\/\/renatocentonze.it\/wp-content\/uploads\/2016\/04\/IMG_9640-708x1024.jpg 708w, https:\/\/renatocentonze.it\/wp-content\/uploads\/2016\/04\/IMG_9640-104x150.jpg 104w, https:\/\/renatocentonze.it\/wp-content\/uploads\/2016\/04\/IMG_9640.jpg 1722w\" sizes=\"auto, (max-width: 207px) 100vw, 207px\" \/><\/p>\n<p>Partecipa a rassegne di artisti democratici, come nel 1975 a Novoli e aderisce, nel 1984, all\u2019appello di intellettuali e artisti salentini \u00ab\u2026<i>per la pace e la vita contro la guerra nucleare\u00bb.\u00a0<\/i><i>S<\/i>u questo tema, gi\u00e0 nel \u201879, produce una cartella serigrafica intitolata \u00abenergie alternative\u00bb.\u00a0Negli anni \u201970\/\u201980, protagonista appassionato dei fermenti socio-politici del periodo, d\u00e0 corpo al suo dissenso con opere come \u00abcrocefissione bianca\u00bb, \u00abmorte sociale\u00bb e, nell\u201989, \u00abOmaggio a Chico Mendes.<\/p>\n<p>La \u00absacralit\u00e0 dell\u2019Arte\u00bb \u00e8 il suo imperativo categorico da cui si lascia guidare non scendendo mai a compromessi, n\u00e9 lasciandosi allettare dalle mode, dalle esigenze del mercato che, a suo dire, avrebbero svilito il suo operato artistico, mortificando la libert\u00e0 dell\u2019arte e la libert\u00e0 nella ricerca. Queste le sue parole:<\/p>\n<p>&lt;&lt;Il problema del mercato \u00e8 forse l\u2019 ultimo che si deve porre una persona che vuole dare qualcosa. Perch\u00e9, nel momento in cui ci si pone nel mercato, si diventa appendice della produzione all\u2019 interno di un anonimo scambio, cio\u00e8 merce-compratore, e non pi\u00f9 produzione artistica, libert\u00e0 e ricerca di qualcosa che vada oltre, che sia una trasmissione intima di emozioni\u2026&#8230; Tenendo d\u2019occhio solo il mercato il rischio grosso \u00e8 di fare delle cose che il mercato accetta, per cui ci si addentra in un marketing vero e proprio da cui l\u2019artista, cos\u00ec come il pensatore, deve restare fuori.&gt;&gt;<\/p>\n<p>In occasione della mostra <i>Il vento accarezza l\u2019erba<\/i><b>, <\/b>omaggio all\u2019artista ad un anno esatto dalla sua scomparsa, cos\u00ec scriveva l\u2019amico Antonio Filograna: \u00ab\u2026Renato era un\u2019anima inquieta, vestita della luce, della delicatezza e della sensibilit\u00e0 artistica in grado di insufflare, nei nostri cuori, delle emozioni vibranti e profonde con la sua proverbiale e caratteristica raffinatezza e cortesia dei modi che non invadeva mai, anzi, dialogava amabilmente con le sensibilit\u00e0 altrui. Era un uomo raffinato e colto, un artista sensibile ed eterogeneo,\u00a0un amico sincero e diretto\u2026qualit\u00e0 che rimarranno nei cuori di quanti hanno avuto la possibilit\u00e0 ed il piacere di conoscerlo.\u00bb<\/p>\n<p>La mattina del 24 maggio 2010 decide di interrompere\u2026 \u00ab<i>il fluire della(sua) vita<\/i>\u00bb.<\/p>\n","protected":false},"excerpt":{"rendered":"<p>&lt;&lt;mite nell\u2019aspetto, ribelle nello spirito, semplice e lineare nell\u2019eloquio, anticonformista negli atteggiamenti, idealista e progressista per cultura e vocazione&gt;&gt; Renato Centonze nasce a Cavallino, in provincia di Lecce, il 9 ottobre 1947.\u00a0All\u2019 et\u00e0 di due anni viene colpito da una forma di poliomielite.\u00a0A nove anni viene ospitato a Torino, nel\u2026<\/p>\n<p class=\"continue-reading-button\"> <a class=\"continue-reading-link\" href=\"https:\/\/renatocentonze.it\/index.php\/pagina-di-esempio\/\">Continue reading<i class=\"crycon-right-dir\"><\/i><\/a><\/p>\n","protected":false},"author":1,"featured_media":0,"parent":0,"menu_order":0,"comment_status":"closed","ping_status":"open","template":"","meta":{"footnotes":""},"class_list":["post-2","page","type-page","status-publish","hentry"],"yoast_head":"<!-- This site is optimized with the Yoast SEO plugin v18.2 - https:\/\/yoast.com\/wordpress\/plugins\/seo\/ -->\n<title>L&#039;uomo - Renato Centonze<\/title>\n<meta name=\"robots\" content=\"index, follow, max-snippet:-1, max-image-preview:large, max-video-preview:-1\" \/>\n<link rel=\"canonical\" href=\"https:\/\/renatocentonze.it\/index.php\/pagina-di-esempio\/\" \/>\n<meta property=\"og:locale\" content=\"it_IT\" \/>\n<meta property=\"og:type\" content=\"article\" \/>\n<meta property=\"og:title\" content=\"L&#039;uomo - Renato Centonze\" \/>\n<meta property=\"og:description\" content=\"&lt;&lt;mite nell\u2019aspetto, ribelle nello spirito, semplice e lineare nell\u2019eloquio, anticonformista negli atteggiamenti, idealista e progressista per cultura e vocazione&gt;&gt; Renato Centonze nasce a Cavallino, in provincia di Lecce, il 9 ottobre 1947.\u00a0All\u2019 et\u00e0 di due anni viene colpito da una forma di poliomielite.\u00a0A nove anni viene ospitato a Torino, nel\u2026 Continue reading\" \/>\n<meta property=\"og:url\" content=\"https:\/\/renatocentonze.it\/index.php\/pagina-di-esempio\/\" \/>\n<meta property=\"og:site_name\" content=\"Renato Centonze\" \/>\n<meta property=\"article:modified_time\" content=\"2017-04-06T10:42:28+00:00\" \/>\n<meta property=\"og:image\" content=\"http:\/\/renatocentonze.it\/wp-content\/uploads\/2016\/03\/P1040361-300x281.jpg\" \/>\n<meta name=\"twitter:card\" content=\"summary\" \/>\n<meta name=\"twitter:label1\" content=\"Tempo di lettura stimato\" \/>\n\t<meta name=\"twitter:data1\" content=\"4 minuti\" \/>\n<script type=\"application\/ld+json\" class=\"yoast-schema-graph\">{\"@context\":\"https:\/\/schema.org\",\"@graph\":[{\"@type\":\"WebSite\",\"@id\":\"https:\/\/renatocentonze.it\/#website\",\"url\":\"https:\/\/renatocentonze.it\/\",\"name\":\"Renato Centonze\",\"description\":\"nell&#039;arte il fluire della vita\",\"potentialAction\":[{\"@type\":\"SearchAction\",\"target\":{\"@type\":\"EntryPoint\",\"urlTemplate\":\"https:\/\/renatocentonze.it\/?s={search_term_string}\"},\"query-input\":\"required name=search_term_string\"}],\"inLanguage\":\"it-IT\"},{\"@type\":\"ImageObject\",\"@id\":\"https:\/\/renatocentonze.it\/index.php\/pagina-di-esempio\/#primaryimage\",\"inLanguage\":\"it-IT\",\"url\":\"http:\/\/renatocentonze.it\/wp-content\/uploads\/2016\/03\/P1040361-300x281.jpg\",\"contentUrl\":\"http:\/\/renatocentonze.it\/wp-content\/uploads\/2016\/03\/P1040361-300x281.jpg\"},{\"@type\":\"WebPage\",\"@id\":\"https:\/\/renatocentonze.it\/index.php\/pagina-di-esempio\/#webpage\",\"url\":\"https:\/\/renatocentonze.it\/index.php\/pagina-di-esempio\/\",\"name\":\"L'uomo - Renato Centonze\",\"isPartOf\":{\"@id\":\"https:\/\/renatocentonze.it\/#website\"},\"primaryImageOfPage\":{\"@id\":\"https:\/\/renatocentonze.it\/index.php\/pagina-di-esempio\/#primaryimage\"},\"datePublished\":\"2016-03-23T20:39:50+00:00\",\"dateModified\":\"2017-04-06T10:42:28+00:00\",\"breadcrumb\":{\"@id\":\"https:\/\/renatocentonze.it\/index.php\/pagina-di-esempio\/#breadcrumb\"},\"inLanguage\":\"it-IT\",\"potentialAction\":[{\"@type\":\"ReadAction\",\"target\":[\"https:\/\/renatocentonze.it\/index.php\/pagina-di-esempio\/\"]}]},{\"@type\":\"BreadcrumbList\",\"@id\":\"https:\/\/renatocentonze.it\/index.php\/pagina-di-esempio\/#breadcrumb\",\"itemListElement\":[{\"@type\":\"ListItem\",\"position\":1,\"name\":\"Home\",\"item\":\"https:\/\/renatocentonze.it\/\"},{\"@type\":\"ListItem\",\"position\":2,\"name\":\"L&#8217;uomo\"}]}]}<\/script>\n<!-- \/ Yoast SEO plugin. -->","yoast_head_json":{"title":"L'uomo - Renato Centonze","robots":{"index":"index","follow":"follow","max-snippet":"max-snippet:-1","max-image-preview":"max-image-preview:large","max-video-preview":"max-video-preview:-1"},"canonical":"https:\/\/renatocentonze.it\/index.php\/pagina-di-esempio\/","og_locale":"it_IT","og_type":"article","og_title":"L'uomo - Renato Centonze","og_description":"&lt;&lt;mite nell\u2019aspetto, ribelle nello spirito, semplice e lineare nell\u2019eloquio, anticonformista negli atteggiamenti, idealista e progressista per cultura e vocazione&gt;&gt; Renato Centonze nasce a Cavallino, in provincia di Lecce, il 9 ottobre 1947.\u00a0All\u2019 et\u00e0 di due anni viene colpito da una forma di poliomielite.\u00a0A nove anni viene ospitato a Torino, nel\u2026 Continue reading","og_url":"https:\/\/renatocentonze.it\/index.php\/pagina-di-esempio\/","og_site_name":"Renato Centonze","article_modified_time":"2017-04-06T10:42:28+00:00","og_image":[{"url":"http:\/\/renatocentonze.it\/wp-content\/uploads\/2016\/03\/P1040361-300x281.jpg"}],"twitter_card":"summary","twitter_misc":{"Tempo di lettura stimato":"4 minuti"},"schema":{"@context":"https:\/\/schema.org","@graph":[{"@type":"WebSite","@id":"https:\/\/renatocentonze.it\/#website","url":"https:\/\/renatocentonze.it\/","name":"Renato Centonze","description":"nell&#039;arte il fluire della vita","potentialAction":[{"@type":"SearchAction","target":{"@type":"EntryPoint","urlTemplate":"https:\/\/renatocentonze.it\/?s={search_term_string}"},"query-input":"required name=search_term_string"}],"inLanguage":"it-IT"},{"@type":"ImageObject","@id":"https:\/\/renatocentonze.it\/index.php\/pagina-di-esempio\/#primaryimage","inLanguage":"it-IT","url":"http:\/\/renatocentonze.it\/wp-content\/uploads\/2016\/03\/P1040361-300x281.jpg","contentUrl":"http:\/\/renatocentonze.it\/wp-content\/uploads\/2016\/03\/P1040361-300x281.jpg"},{"@type":"WebPage","@id":"https:\/\/renatocentonze.it\/index.php\/pagina-di-esempio\/#webpage","url":"https:\/\/renatocentonze.it\/index.php\/pagina-di-esempio\/","name":"L'uomo - Renato Centonze","isPartOf":{"@id":"https:\/\/renatocentonze.it\/#website"},"primaryImageOfPage":{"@id":"https:\/\/renatocentonze.it\/index.php\/pagina-di-esempio\/#primaryimage"},"datePublished":"2016-03-23T20:39:50+00:00","dateModified":"2017-04-06T10:42:28+00:00","breadcrumb":{"@id":"https:\/\/renatocentonze.it\/index.php\/pagina-di-esempio\/#breadcrumb"},"inLanguage":"it-IT","potentialAction":[{"@type":"ReadAction","target":["https:\/\/renatocentonze.it\/index.php\/pagina-di-esempio\/"]}]},{"@type":"BreadcrumbList","@id":"https:\/\/renatocentonze.it\/index.php\/pagina-di-esempio\/#breadcrumb","itemListElement":[{"@type":"ListItem","position":1,"name":"Home","item":"https:\/\/renatocentonze.it\/"},{"@type":"ListItem","position":2,"name":"L&#8217;uomo"}]}]}},"_links":{"self":[{"href":"https:\/\/renatocentonze.it\/index.php\/wp-json\/wp\/v2\/pages\/2","targetHints":{"allow":["GET"]}}],"collection":[{"href":"https:\/\/renatocentonze.it\/index.php\/wp-json\/wp\/v2\/pages"}],"about":[{"href":"https:\/\/renatocentonze.it\/index.php\/wp-json\/wp\/v2\/types\/page"}],"author":[{"embeddable":true,"href":"https:\/\/renatocentonze.it\/index.php\/wp-json\/wp\/v2\/users\/1"}],"replies":[{"embeddable":true,"href":"https:\/\/renatocentonze.it\/index.php\/wp-json\/wp\/v2\/comments?post=2"}],"version-history":[{"count":19,"href":"https:\/\/renatocentonze.it\/index.php\/wp-json\/wp\/v2\/pages\/2\/revisions"}],"predecessor-version":[{"id":961,"href":"https:\/\/renatocentonze.it\/index.php\/wp-json\/wp\/v2\/pages\/2\/revisions\/961"}],"wp:attachment":[{"href":"https:\/\/renatocentonze.it\/index.php\/wp-json\/wp\/v2\/media?parent=2"}],"curies":[{"name":"wp","href":"https:\/\/api.w.org\/{rel}","templated":true}]}}